{"id":502,"date":"2019-05-13T14:32:00","date_gmt":"2019-05-13T11:32:00","guid":{"rendered":"https:\/\/kazini.com.tr\/?post_type=product&#038;p=502"},"modified":"2020-10-27T14:15:51","modified_gmt":"2020-10-27T11:15:51","slug":"yangin-kapilari-kilitli-kol","status":"publish","type":"product","link":"https:\/\/kazini.com.tr\/en\/urun\/yangin-kapilari-kilitli-kol","title":{"rendered":"Kilitli kol"},"content":{"rendered":"<p>Yang\u0131n kap\u0131lar\u0131 \u00fcreten <a href=\"https:\/\/kazini.com.tr\">firmam\u0131z\u0131n<\/a> kullanm\u0131\u015f oldu\u011fu kilitli kol panik bar uyumlu olup projelerinize<\/p>\n<p>uyumlu modeller se\u00e7ilebilir.<\/p>\n","protected":false},"excerpt":{"rendered":"<p>Yang\u0131n kap\u0131lar\u0131 \u00fcreten firmam\u0131z\u0131n kullanm\u0131\u015f oldu\u011fu kilitli kol panik bar uyumlu olup projelerinize uyumlu modeller se\u00e7ilebilir.<\/p>\n","protected":false},"featured_media":690,"template":"","meta":[],"yoast_head":"<!-- This site is optimized with the Yoast SEO plugin v15.5 - https:\/\/yoast.com\/wordpress\/plugins\/seo\/ -->\n<title>Yang\u0131n Kap\u0131lar\u0131 | Kazini Yang\u0131n Kap\u0131lar\u0131 - Kilitli kolu<\/title>\n<meta name=\"description\" content=\"Yang\u0131n kap\u0131lar\u0131 \u00fcreten firmam\u0131z\u0131n kullanm\u0131\u015f oldu\u011fu kilitli kol panik bar uyumlu olup projelerinize\u00a0uyumlu modeller se\u00e7ilebilir.\" \/>\n<meta name=\"robots\" content=\"index, follow, max-snippet:-1, max-image-preview:large, max-video-preview:-1\" \/>\n<link rel=\"canonical\" href=\"https:\/\/kazini.com.tr\/en\/urun\/yangin-kapilari-kilitli-kol\" \/>\n<meta property=\"og:locale\" content=\"en_US\" \/>\n<meta property=\"og:type\" content=\"article\" \/>\n<meta property=\"og:title\" content=\"Yang\u0131n Kap\u0131lar\u0131 | Kazini Yang\u0131n Kap\u0131lar\u0131 - Kilitli kolu\" \/>\n<meta property=\"og:description\" content=\"Yang\u0131n kap\u0131lar\u0131 \u00fcreten firmam\u0131z\u0131n kullanm\u0131\u015f oldu\u011fu kilitli kol panik bar uyumlu olup projelerinize\u00a0uyumlu modeller se\u00e7ilebilir.\" \/>\n<meta property=\"og:url\" content=\"https:\/\/kazini.com.tr\/en\/urun\/yangin-kapilari-kilitli-kol\" \/>\n<meta property=\"og:site_name\" content=\"Kazini\" \/>\n<meta property=\"article:modified_time\" content=\"2020-10-27T11:15:51+00:00\" \/>\n<meta property=\"og:image\" content=\"https:\/\/kazini.com.tr\/en\/wp-content\/uploads\/2019\/05\/\u00c7\u0130FT-KOL-K\u0130L\u0130T.jpg\" \/>\n\t<meta property=\"og:image:width\" content=\"311\" \/>\n\t<meta property=\"og:image:height\" content=\"479\" \/>\n<meta name=\"twitter:card\" content=\"summary_large_image\" \/>\n<meta name=\"twitter:label1\" content=\"Est. reading time\">\n\t<meta name=\"twitter:data1\" content=\"0 minutes\">\n<script type=\"application\/ld+json\" class=\"yoast-schema-graph\">{\"@context\":\"https:\/\/schema.org\",\"@graph\":[{\"@type\":\"Organization\",\"@id\":\"https:\/\/kazini.com.tr\/en\/#organization\",\"name\":\"Kazini - Yang\\u0131n Kap\\u0131lar\\u0131\",\"url\":\"https:\/\/kazini.com.tr\/en\/\",\"sameAs\":[],\"logo\":{\"@type\":\"ImageObject\",\"@id\":\"https:\/\/kazini.com.tr\/en\/#logo\",\"inLanguage\":\"en-US\",\"url\":\"https:\/\/kazini.com.tr\/en\/wp-content\/uploads\/2019\/03\/logo_yeni.png\",\"width\":338,\"height\":117,\"caption\":\"Kazini - Yang\\u0131n Kap\\u0131lar\\u0131\"},\"image\":{\"@id\":\"https:\/\/kazini.com.tr\/en\/#logo\"}},{\"@type\":\"WebSite\",\"@id\":\"https:\/\/kazini.com.tr\/en\/#website\",\"url\":\"https:\/\/kazini.com.tr\/en\/\",\"name\":\"Kazini\",\"description\":\"Fire Doors\",\"publisher\":{\"@id\":\"https:\/\/kazini.com.tr\/en\/#organization\"},\"potentialAction\":[{\"@type\":\"SearchAction\",\"target\":\"https:\/\/kazini.com.tr\/en\/?s={search_term_string}\",\"query-input\":\"required name=search_term_string\"}],\"inLanguage\":\"en-US\"},{\"@type\":\"ImageObject\",\"@id\":\"https:\/\/kazini.com.tr\/en\/urun\/yangin-kapilari-kilitli-kol#primaryimage\",\"inLanguage\":\"en-US\",\"url\":\"https:\/\/kazini.com.tr\/en\/wp-content\/uploads\/2019\/05\/\\u00c7\\u0130FT-KOL-K\\u0130L\\u0130T.jpg\",\"width\":311,\"height\":479},{\"@type\":\"WebPage\",\"@id\":\"https:\/\/kazini.com.tr\/en\/urun\/yangin-kapilari-kilitli-kol#webpage\",\"url\":\"https:\/\/kazini.com.tr\/en\/urun\/yangin-kapilari-kilitli-kol\",\"name\":\"Yang\\u0131n Kap\\u0131lar\\u0131 | Kazini Yang\\u0131n Kap\\u0131lar\\u0131 - Kilitli kolu\",\"isPartOf\":{\"@id\":\"https:\/\/kazini.com.tr\/en\/#website\"},\"primaryImageOfPage\":{\"@id\":\"https:\/\/kazini.com.tr\/en\/urun\/yangin-kapilari-kilitli-kol#primaryimage\"},\"datePublished\":\"2019-05-13T11:32:00+00:00\",\"dateModified\":\"2020-10-27T11:15:51+00:00\",\"description\":\"Yang\\u0131n kap\\u0131lar\\u0131 \\u00fcreten firmam\\u0131z\\u0131n kullanm\\u0131\\u015f oldu\\u011fu kilitli kol panik bar uyumlu olup projelerinize\\u00a0uyumlu modeller se\\u00e7ilebilir.\",\"inLanguage\":\"en-US\",\"potentialAction\":[{\"@type\":\"ReadAction\",\"target\":[\"https:\/\/kazini.com.tr\/en\/urun\/yangin-kapilari-kilitli-kol\"]}]}]}<\/script>\n<!-- \/ Yoast SEO plugin. -->","_links":{"self":[{"href":"https:\/\/kazini.com.tr\/en\/wp-json\/wp\/v2\/product\/502"}],"collection":[{"href":"https:\/\/kazini.com.tr\/en\/wp-json\/wp\/v2\/product"}],"about":[{"href":"https:\/\/kazini.com.tr\/en\/wp-json\/wp\/v2\/types\/product"}],"wp:featuredmedia":[{"embeddable":true,"href":"https:\/\/kazini.com.tr\/en\/wp-json\/wp\/v2\/media\/690"}],"wp:attachment":[{"href":"https:\/\/kazini.com.tr\/en\/wp-json\/wp\/v2\/media?parent=502"}],"curies":[{"name":"wp","href":"https:\/\/api.w.org\/{rel}","templated":true}]}}