{"id":232,"date":"2019-04-01T00:11:29","date_gmt":"2019-03-31T21:11:29","guid":{"rendered":"https:\/\/kazini.com.tr\/?post_type=product&#038;p=232"},"modified":"2020-10-17T16:40:55","modified_gmt":"2020-10-17T13:40:55","slug":"kilitli-kol-k-301","status":"publish","type":"product","link":"https:\/\/kazini.com.tr\/en\/urun\/kilitli-kol-k-301","title":{"rendered":"K\u0130L\u0130TL\u0130 KOL"},"content":{"rendered":"<ul>\n<li>Kilitlenebilir.<\/li>\n<li>\u00c7ift y\u00f6nl\u00fc kullan\u0131m \u00f6zelli\u011fine sahiptir.<\/li>\n<\/ul>\n","protected":false},"excerpt":{"rendered":"<p>Kilitlenebilir. \u00c7ift y\u00f6nl\u00fc kullan\u0131m \u00f6zelli\u011fine sahiptir.<\/p>\n","protected":false},"featured_media":686,"template":"","meta":[],"yoast_head":"<!-- This site is optimized with the Yoast SEO plugin v15.5 - https:\/\/yoast.com\/wordpress\/plugins\/seo\/ -->\n<title>K\u0130L\u0130TL\u0130 KOL - Kazini<\/title>\n<meta name=\"robots\" content=\"index, follow, max-snippet:-1, max-image-preview:large, max-video-preview:-1\" \/>\n<link rel=\"canonical\" href=\"https:\/\/kazini.com.tr\/en\/urun\/kilitli-kol-k-301\" \/>\n<meta property=\"og:locale\" content=\"en_US\" \/>\n<meta property=\"og:type\" content=\"article\" \/>\n<meta property=\"og:title\" content=\"K\u0130L\u0130TL\u0130 KOL - Kazini\" \/>\n<meta property=\"og:description\" content=\"Kilitlenebilir. \u00c7ift y\u00f6nl\u00fc kullan\u0131m \u00f6zelli\u011fine sahiptir.\" \/>\n<meta property=\"og:url\" content=\"https:\/\/kazini.com.tr\/en\/urun\/kilitli-kol-k-301\" \/>\n<meta property=\"og:site_name\" content=\"Kazini\" \/>\n<meta property=\"article:modified_time\" content=\"2020-10-17T13:40:55+00:00\" \/>\n<meta property=\"og:image\" content=\"https:\/\/kazini.com.tr\/en\/wp-content\/uploads\/2019\/04\/K\u0130L\u0130TL\u0130-KOL-2.jpg\" \/>\n\t<meta property=\"og:image:width\" content=\"600\" \/>\n\t<meta property=\"og:image:height\" content=\"600\" \/>\n<meta name=\"twitter:card\" content=\"summary_large_image\" \/>\n<meta name=\"twitter:label1\" content=\"Est. reading time\">\n\t<meta name=\"twitter:data1\" content=\"0 minutes\">\n<script type=\"application\/ld+json\" class=\"yoast-schema-graph\">{\"@context\":\"https:\/\/schema.org\",\"@graph\":[{\"@type\":\"Organization\",\"@id\":\"https:\/\/kazini.com.tr\/en\/#organization\",\"name\":\"Kazini - Yang\\u0131n Kap\\u0131lar\\u0131\",\"url\":\"https:\/\/kazini.com.tr\/en\/\",\"sameAs\":[],\"logo\":{\"@type\":\"ImageObject\",\"@id\":\"https:\/\/kazini.com.tr\/en\/#logo\",\"inLanguage\":\"en-US\",\"url\":\"https:\/\/kazini.com.tr\/en\/wp-content\/uploads\/2019\/03\/logo_yeni.png\",\"width\":338,\"height\":117,\"caption\":\"Kazini - Yang\\u0131n Kap\\u0131lar\\u0131\"},\"image\":{\"@id\":\"https:\/\/kazini.com.tr\/en\/#logo\"}},{\"@type\":\"WebSite\",\"@id\":\"https:\/\/kazini.com.tr\/en\/#website\",\"url\":\"https:\/\/kazini.com.tr\/en\/\",\"name\":\"Kazini\",\"description\":\"Fire Doors\",\"publisher\":{\"@id\":\"https:\/\/kazini.com.tr\/en\/#organization\"},\"potentialAction\":[{\"@type\":\"SearchAction\",\"target\":\"https:\/\/kazini.com.tr\/en\/?s={search_term_string}\",\"query-input\":\"required name=search_term_string\"}],\"inLanguage\":\"en-US\"},{\"@type\":\"ImageObject\",\"@id\":\"https:\/\/kazini.com.tr\/en\/urun\/kilitli-kol-k-301#primaryimage\",\"inLanguage\":\"en-US\",\"url\":\"https:\/\/kazini.com.tr\/en\/wp-content\/uploads\/2019\/04\/K\\u0130L\\u0130TL\\u0130-KOL-2.jpg\",\"width\":600,\"height\":600},{\"@type\":\"WebPage\",\"@id\":\"https:\/\/kazini.com.tr\/en\/urun\/kilitli-kol-k-301#webpage\",\"url\":\"https:\/\/kazini.com.tr\/en\/urun\/kilitli-kol-k-301\",\"name\":\"K\\u0130L\\u0130TL\\u0130 KOL - Kazini\",\"isPartOf\":{\"@id\":\"https:\/\/kazini.com.tr\/en\/#website\"},\"primaryImageOfPage\":{\"@id\":\"https:\/\/kazini.com.tr\/en\/urun\/kilitli-kol-k-301#primaryimage\"},\"datePublished\":\"2019-03-31T21:11:29+00:00\",\"dateModified\":\"2020-10-17T13:40:55+00:00\",\"inLanguage\":\"en-US\",\"potentialAction\":[{\"@type\":\"ReadAction\",\"target\":[\"https:\/\/kazini.com.tr\/en\/urun\/kilitli-kol-k-301\"]}]}]}<\/script>\n<!-- \/ Yoast SEO plugin. -->","_links":{"self":[{"href":"https:\/\/kazini.com.tr\/en\/wp-json\/wp\/v2\/product\/232"}],"collection":[{"href":"https:\/\/kazini.com.tr\/en\/wp-json\/wp\/v2\/product"}],"about":[{"href":"https:\/\/kazini.com.tr\/en\/wp-json\/wp\/v2\/types\/product"}],"wp:featuredmedia":[{"embeddable":true,"href":"https:\/\/kazini.com.tr\/en\/wp-json\/wp\/v2\/media\/686"}],"wp:attachment":[{"href":"https:\/\/kazini.com.tr\/en\/wp-json\/wp\/v2\/media?parent=232"}],"curies":[{"name":"wp","href":"https:\/\/api.w.org\/{rel}","templated":true}]}}