{"id":220,"date":"2019-03-31T22:51:12","date_gmt":"2019-03-31T19:51:12","guid":{"rendered":"https:\/\/kazini.com.tr\/?post_type=product&#038;p=220"},"modified":"2020-10-17T16:41:12","modified_gmt":"2020-10-17T13:41:12","slug":"briton-panik-bar-kol","status":"publish","type":"product","link":"https:\/\/kazini.com.tr\/en\/urun\/briton-panik-bar-kol","title":{"rendered":"PAN\u0130K BAR KOL-BR\u0130TON"},"content":{"rendered":"<p>Panik bar cisa barelli 41 mm uzunlu\u011fu olan 3 anahtarl\u0131 panik \u00e7\u0131k\u0131\u015f kilidi koludur. D\u0131\u015f tarafa tak\u0131l\u0131r ve sa\u011f sol y\u00f6n ayr\u0131m\u0131 yoktur. \u0130\u00e7inden vidalama sayesinde kol \u00e7\u0131kar ve istedi\u011finiz y\u00f6ne takabilirsiniz. Dayan\u0131kl\u0131 olmas\u0131 yang\u0131n kap\u0131lar\u0131nda kullan\u0131m tercihidir.<\/p>\n<ul>\n<li>Kol eri\u015fim cihaz\u0131 d\u0131\u015f\u0131nda \u00e7al\u0131\u015ft\u0131r\u0131l\u0131r.<\/li>\n<li>Kolun ciddi \u015fekilde suistimal edilmesi durumunda tasarlanm\u0131\u015f \u00f6zel kesme pimi, mekanizman\u0131n hasardan korunmas\u0131n\u0131 sa\u011flar.<\/li>\n<li>Tek kap\u0131l\u0131 ve \u00e7ift kap\u0131l\u0131 ilk a\u00e7ma kanad\u0131 i\u00e7in uygundur.<\/li>\n<li>Site, sol veya sa\u011f el i\u00e7in tersine \u00e7evrilebilir.<\/li>\n<li>40mm ve 70mm kal\u0131nl\u0131ktaki kap\u0131lar i\u00e7in uygundur.<\/li>\n<li>Standart olarak 40mm profil silindir ile tedarik edilir.<\/li>\n<\/ul>\n","protected":false},"excerpt":{"rendered":"<p>Panik bar cisa barelli 41 mm uzunlu\u011fu olan 3 anahtarl\u0131 panik \u00e7\u0131k\u0131\u015f kilidi koludur. D\u0131\u015f tarafa tak\u0131l\u0131r ve sa\u011f sol&#8230;<\/p>\n","protected":false},"featured_media":221,"template":"","meta":[],"yoast_head":"<!-- This site is optimized with the Yoast SEO plugin v15.5 - https:\/\/yoast.com\/wordpress\/plugins\/seo\/ -->\n<title>PAN\u0130K BAR KOL-BR\u0130TON - Kazini<\/title>\n<meta name=\"robots\" content=\"index, follow, max-snippet:-1, max-image-preview:large, max-video-preview:-1\" \/>\n<link rel=\"canonical\" href=\"https:\/\/kazini.com.tr\/en\/urun\/briton-panik-bar-kol\" \/>\n<meta property=\"og:locale\" content=\"en_US\" \/>\n<meta property=\"og:type\" content=\"article\" \/>\n<meta property=\"og:title\" content=\"PAN\u0130K BAR KOL-BR\u0130TON - Kazini\" \/>\n<meta property=\"og:description\" content=\"Panik bar cisa barelli 41 mm uzunlu\u011fu olan 3 anahtarl\u0131 panik \u00e7\u0131k\u0131\u015f kilidi koludur. D\u0131\u015f tarafa tak\u0131l\u0131r ve sa\u011f sol...\" \/>\n<meta property=\"og:url\" content=\"https:\/\/kazini.com.tr\/en\/urun\/briton-panik-bar-kol\" \/>\n<meta property=\"og:site_name\" content=\"Kazini\" \/>\n<meta property=\"article:modified_time\" content=\"2020-10-17T13:41:12+00:00\" \/>\n<meta property=\"og:image\" content=\"https:\/\/kazini.com.tr\/en\/wp-content\/uploads\/2019\/03\/07078-68-97-1-300x298.jpg\" \/>\n\t<meta property=\"og:image:width\" content=\"300\" \/>\n\t<meta property=\"og:image:height\" content=\"298\" \/>\n<meta name=\"twitter:card\" content=\"summary_large_image\" \/>\n<meta name=\"twitter:label1\" content=\"Est. reading time\">\n\t<meta name=\"twitter:data1\" content=\"0 minutes\">\n<script type=\"application\/ld+json\" class=\"yoast-schema-graph\">{\"@context\":\"https:\/\/schema.org\",\"@graph\":[{\"@type\":\"Organization\",\"@id\":\"https:\/\/kazini.com.tr\/en\/#organization\",\"name\":\"Kazini - Yang\\u0131n Kap\\u0131lar\\u0131\",\"url\":\"https:\/\/kazini.com.tr\/en\/\",\"sameAs\":[],\"logo\":{\"@type\":\"ImageObject\",\"@id\":\"https:\/\/kazini.com.tr\/en\/#logo\",\"inLanguage\":\"en-US\",\"url\":\"https:\/\/kazini.com.tr\/en\/wp-content\/uploads\/2019\/03\/logo_yeni.png\",\"width\":338,\"height\":117,\"caption\":\"Kazini - Yang\\u0131n Kap\\u0131lar\\u0131\"},\"image\":{\"@id\":\"https:\/\/kazini.com.tr\/en\/#logo\"}},{\"@type\":\"WebSite\",\"@id\":\"https:\/\/kazini.com.tr\/en\/#website\",\"url\":\"https:\/\/kazini.com.tr\/en\/\",\"name\":\"Kazini\",\"description\":\"Fire Doors\",\"publisher\":{\"@id\":\"https:\/\/kazini.com.tr\/en\/#organization\"},\"potentialAction\":[{\"@type\":\"SearchAction\",\"target\":\"https:\/\/kazini.com.tr\/en\/?s={search_term_string}\",\"query-input\":\"required name=search_term_string\"}],\"inLanguage\":\"en-US\"},{\"@type\":\"ImageObject\",\"@id\":\"https:\/\/kazini.com.tr\/en\/urun\/briton-panik-bar-kol#primaryimage\",\"inLanguage\":\"en-US\",\"url\":\"https:\/\/kazini.com.tr\/en\/wp-content\/uploads\/2019\/03\/07078-68-97-1-300x298.jpg\",\"width\":300,\"height\":298},{\"@type\":\"WebPage\",\"@id\":\"https:\/\/kazini.com.tr\/en\/urun\/briton-panik-bar-kol#webpage\",\"url\":\"https:\/\/kazini.com.tr\/en\/urun\/briton-panik-bar-kol\",\"name\":\"PAN\\u0130K BAR KOL-BR\\u0130TON - Kazini\",\"isPartOf\":{\"@id\":\"https:\/\/kazini.com.tr\/en\/#website\"},\"primaryImageOfPage\":{\"@id\":\"https:\/\/kazini.com.tr\/en\/urun\/briton-panik-bar-kol#primaryimage\"},\"datePublished\":\"2019-03-31T19:51:12+00:00\",\"dateModified\":\"2020-10-17T13:41:12+00:00\",\"inLanguage\":\"en-US\",\"potentialAction\":[{\"@type\":\"ReadAction\",\"target\":[\"https:\/\/kazini.com.tr\/en\/urun\/briton-panik-bar-kol\"]}]}]}<\/script>\n<!-- \/ Yoast SEO plugin. -->","_links":{"self":[{"href":"https:\/\/kazini.com.tr\/en\/wp-json\/wp\/v2\/product\/220"}],"collection":[{"href":"https:\/\/kazini.com.tr\/en\/wp-json\/wp\/v2\/product"}],"about":[{"href":"https:\/\/kazini.com.tr\/en\/wp-json\/wp\/v2\/types\/product"}],"wp:featuredmedia":[{"embeddable":true,"href":"https:\/\/kazini.com.tr\/en\/wp-json\/wp\/v2\/media\/221"}],"wp:attachment":[{"href":"https:\/\/kazini.com.tr\/en\/wp-json\/wp\/v2\/media?parent=220"}],"curies":[{"name":"wp","href":"https:\/\/api.w.org\/{rel}","templated":true}]}}