{"id":190,"date":"2019-03-28T09:06:32","date_gmt":"2019-03-28T06:06:32","guid":{"rendered":"https:\/\/kazini.com.tr\/?post_type=product&#038;p=190"},"modified":"2020-10-17T16:41:43","modified_gmt":"2020-10-17T13:41:43","slug":"220-e-dis-kol-barelli","status":"publish","type":"product","link":"https:\/\/kazini.com.tr\/en\/urun\/220-e-dis-kol-barelli","title":{"rendered":"D\u0131\u015f Kol (Barelli)"},"content":{"rendered":"<p>Panik bar\u0131n d\u0131\u015f\u0131na uygulanarak kap\u0131ya d\u0131\u015ftan m\u00fcdahale etmek ve kilitlemeyi sa\u011flar.<br \/>\nHem sa\u011f hem sol a\u00e7\u0131l\u0131ml\u0131 kap\u0131larda kullan\u0131labilir<\/p>\n<p>Al\u00fcminyum ala\u015f\u0131ml\u0131 g\u00f6vde ve kol, \u00e7elik sac ve zamak \u00e7al\u0131\u015fan par\u00e7alar.<\/p>\n","protected":false},"excerpt":{"rendered":"<p>Panik bar\u0131n d\u0131\u015f\u0131na uygulanarak kap\u0131ya d\u0131\u015ftan m\u00fcdahale etmek ve kilitlemeyi sa\u011flar. Hem sa\u011f hem sol a\u00e7\u0131l\u0131ml\u0131 kap\u0131larda kullan\u0131labilir Al\u00fcminyum ala\u015f\u0131ml\u0131&#8230;<\/p>\n","protected":false},"featured_media":659,"template":"","meta":[],"yoast_head":"<!-- This site is optimized with the Yoast SEO plugin v15.5 - https:\/\/yoast.com\/wordpress\/plugins\/seo\/ -->\n<title>D\u0131\u015f Kol (Barelli) - Kazini<\/title>\n<meta name=\"robots\" content=\"index, follow, max-snippet:-1, max-image-preview:large, max-video-preview:-1\" \/>\n<link rel=\"canonical\" href=\"https:\/\/kazini.com.tr\/en\/urun\/220-e-dis-kol-barelli\" \/>\n<meta property=\"og:locale\" content=\"en_US\" \/>\n<meta property=\"og:type\" content=\"article\" \/>\n<meta property=\"og:title\" content=\"D\u0131\u015f Kol (Barelli) - Kazini\" \/>\n<meta property=\"og:description\" content=\"Panik bar\u0131n d\u0131\u015f\u0131na uygulanarak kap\u0131ya d\u0131\u015ftan m\u00fcdahale etmek ve kilitlemeyi sa\u011flar. Hem sa\u011f hem sol a\u00e7\u0131l\u0131ml\u0131 kap\u0131larda kullan\u0131labilir Al\u00fcminyum ala\u015f\u0131ml\u0131...\" \/>\n<meta property=\"og:url\" content=\"https:\/\/kazini.com.tr\/en\/urun\/220-e-dis-kol-barelli\" \/>\n<meta property=\"og:site_name\" content=\"Kazini\" \/>\n<meta property=\"article:modified_time\" content=\"2020-10-17T13:41:43+00:00\" \/>\n<meta property=\"og:image\" content=\"https:\/\/kazini.com.tr\/en\/wp-content\/uploads\/2019\/03\/kap\u0131kolu3.jpg\" \/>\n\t<meta property=\"og:image:width\" content=\"2016\" \/>\n\t<meta property=\"og:image:height\" content=\"1512\" \/>\n<meta name=\"twitter:card\" content=\"summary_large_image\" \/>\n<meta name=\"twitter:label1\" content=\"Est. reading time\">\n\t<meta name=\"twitter:data1\" content=\"0 minutes\">\n<script type=\"application\/ld+json\" class=\"yoast-schema-graph\">{\"@context\":\"https:\/\/schema.org\",\"@graph\":[{\"@type\":\"Organization\",\"@id\":\"https:\/\/kazini.com.tr\/en\/#organization\",\"name\":\"Kazini - Yang\\u0131n Kap\\u0131lar\\u0131\",\"url\":\"https:\/\/kazini.com.tr\/en\/\",\"sameAs\":[],\"logo\":{\"@type\":\"ImageObject\",\"@id\":\"https:\/\/kazini.com.tr\/en\/#logo\",\"inLanguage\":\"en-US\",\"url\":\"https:\/\/kazini.com.tr\/en\/wp-content\/uploads\/2019\/03\/logo_yeni.png\",\"width\":338,\"height\":117,\"caption\":\"Kazini - Yang\\u0131n Kap\\u0131lar\\u0131\"},\"image\":{\"@id\":\"https:\/\/kazini.com.tr\/en\/#logo\"}},{\"@type\":\"WebSite\",\"@id\":\"https:\/\/kazini.com.tr\/en\/#website\",\"url\":\"https:\/\/kazini.com.tr\/en\/\",\"name\":\"Kazini\",\"description\":\"Fire Doors\",\"publisher\":{\"@id\":\"https:\/\/kazini.com.tr\/en\/#organization\"},\"potentialAction\":[{\"@type\":\"SearchAction\",\"target\":\"https:\/\/kazini.com.tr\/en\/?s={search_term_string}\",\"query-input\":\"required name=search_term_string\"}],\"inLanguage\":\"en-US\"},{\"@type\":\"ImageObject\",\"@id\":\"https:\/\/kazini.com.tr\/en\/urun\/220-e-dis-kol-barelli#primaryimage\",\"inLanguage\":\"en-US\",\"url\":\"https:\/\/kazini.com.tr\/en\/wp-content\/uploads\/2019\/03\/kap\\u0131kolu3.jpg\",\"width\":2016,\"height\":1512},{\"@type\":\"WebPage\",\"@id\":\"https:\/\/kazini.com.tr\/en\/urun\/220-e-dis-kol-barelli#webpage\",\"url\":\"https:\/\/kazini.com.tr\/en\/urun\/220-e-dis-kol-barelli\",\"name\":\"D\\u0131\\u015f Kol (Barelli) - Kazini\",\"isPartOf\":{\"@id\":\"https:\/\/kazini.com.tr\/en\/#website\"},\"primaryImageOfPage\":{\"@id\":\"https:\/\/kazini.com.tr\/en\/urun\/220-e-dis-kol-barelli#primaryimage\"},\"datePublished\":\"2019-03-28T06:06:32+00:00\",\"dateModified\":\"2020-10-17T13:41:43+00:00\",\"inLanguage\":\"en-US\",\"potentialAction\":[{\"@type\":\"ReadAction\",\"target\":[\"https:\/\/kazini.com.tr\/en\/urun\/220-e-dis-kol-barelli\"]}]}]}<\/script>\n<!-- \/ Yoast SEO plugin. -->","_links":{"self":[{"href":"https:\/\/kazini.com.tr\/en\/wp-json\/wp\/v2\/product\/190"}],"collection":[{"href":"https:\/\/kazini.com.tr\/en\/wp-json\/wp\/v2\/product"}],"about":[{"href":"https:\/\/kazini.com.tr\/en\/wp-json\/wp\/v2\/types\/product"}],"wp:featuredmedia":[{"embeddable":true,"href":"https:\/\/kazini.com.tr\/en\/wp-json\/wp\/v2\/media\/659"}],"wp:attachment":[{"href":"https:\/\/kazini.com.tr\/en\/wp-json\/wp\/v2\/media?parent=190"}],"curies":[{"name":"wp","href":"https:\/\/api.w.org\/{rel}","templated":true}]}}